{"id":2,"date":"2012-02-26T19:29:47","date_gmt":"2012-02-26T19:29:47","guid":{"rendered":"http:\/\/www.judo-jujitsu-cspse.fr\/?page_id=2"},"modified":"2012-02-29T22:19:59","modified_gmt":"2012-02-29T22:19:59","slug":"page-d-exemple","status":"publish","type":"page","link":"http:\/\/www.judo-jujitsu-cspse.fr\/?page_id=2","title":{"rendered":"La Section"},"content":{"rendered":"<p>&nbsp;<\/p>\n<div align=\"justify\">\n<p><img loading=\"lazy\" decoding=\"async\" class=\"alignright size-full wp-image-425\" title=\"DSCF1292p\" src=\"http:\/\/www.judo-jujitsu-cspse.fr\/wp-content\/uploads\/2012\/02\/DSCF1292p.jpg\" alt=\"\" width=\"220\" height=\"93\" \/>La section judo jujitsu est l&rsquo;une des dix sections du club des <strong>Cheminots sportifs de Paris Sud Est (CSPSE)<\/strong>, association omnisport de type 1901, fond\u00e9e par des agents de la SNCF de la r\u00e9gion parisienne passionn\u00e9s de sport.<\/p>\n<p>La section judo a \u00e9t\u00e9 cr\u00e9\u00e9e en 1952. On y pratique le jujitsu depuis 1992. Le Dojo de Charenton a \u00e9t\u00e9 am\u00e9nag\u00e9 dans un ancien poste d&rsquo;aiguillage ferroviaire.<\/p>\n<\/div>\n<p align=\"center\"><img loading=\"lazy\" decoding=\"async\" class=\"alignleft  wp-image-398\" title=\"Hort_mira\" src=\"http:\/\/www.judo-jujitsu-cspse.fr\/wp-content\/uploads\/2012\/02\/Hort_mira.jpg\" alt=\"\" width=\"220\" height=\"165\" \/><\/p>\n<p>&nbsp;<\/p>\n<p align=\"justify\">Affili\u00e9e \u00e0 la <strong>F\u00e9d\u00e9ration fran\u00e7aise de Judo et Disciplines associ\u00e9es (FFJDA)<\/strong>, la section est <strong>ouverte \u00e0 tous<\/strong>, cheminots et non cheminots, aux adultes femmes et hommes quelle que soit leur profession, aux enfants d\u00e8s l&rsquo;\u00e2ge de <strong>4 ans<\/strong>. Les judokas et jujitsukas en situation de <strong>handicap<\/strong> sont les bienvenus.<\/p>\n","protected":false},"excerpt":{"rendered":"<p>&nbsp; La section judo jujitsu est l&rsquo;une des dix sections du club des Cheminots sportifs de Paris Sud Est (CSPSE), association omnisport de type 1901, fond\u00e9e par des agents de la SNCF de la r\u00e9gion parisienne passionn\u00e9s de sport. La section judo a \u00e9t\u00e9 cr\u00e9\u00e9e en 1952. On y pratique le jujitsu depuis 1992. Le [&hellip;]<\/p>\n","protected":false},"author":1,"featured_media":0,"parent":0,"menu_order":1,"comment_status":"closed","ping_status":"closed","template":"","meta":{"ngg_post_thumbnail":0,"ocean_post_layout":"","ocean_both_sidebars_style":"","ocean_both_sidebars_content_width":0,"ocean_both_sidebars_sidebars_width":0,"ocean_sidebar":"","ocean_second_sidebar":"","ocean_disable_margins":"enable","ocean_add_body_class":"","ocean_shortcode_before_top_bar":"","ocean_shortcode_after_top_bar":"","ocean_shortcode_before_header":"","ocean_shortcode_after_header":"","ocean_has_shortcode":"","ocean_shortcode_after_title":"","ocean_shortcode_before_footer_widgets":"","ocean_shortcode_after_footer_widgets":"","ocean_shortcode_before_footer_bottom":"","ocean_shortcode_after_footer_bottom":"","ocean_display_top_bar":"default","ocean_display_header":"default","ocean_header_style":"","ocean_center_header_left_menu":"","ocean_custom_header_template":"","ocean_custom_logo":0,"ocean_custom_retina_logo":0,"ocean_custom_logo_max_width":0,"ocean_custom_logo_tablet_max_width":0,"ocean_custom_logo_mobile_max_width":0,"ocean_custom_logo_max_height":0,"ocean_custom_logo_tablet_max_height":0,"ocean_custom_logo_mobile_max_height":0,"ocean_header_custom_menu":"","ocean_menu_typo_font_family":"","ocean_menu_typo_font_subset":"","ocean_menu_typo_font_size":0,"ocean_menu_typo_font_size_tablet":0,"ocean_menu_typo_font_size_mobile":0,"ocean_menu_typo_font_size_unit":"px","ocean_menu_typo_font_weight":"","ocean_menu_typo_font_weight_tablet":"","ocean_menu_typo_font_weight_mobile":"","ocean_menu_typo_transform":"","ocean_menu_typo_transform_tablet":"","ocean_menu_typo_transform_mobile":"","ocean_menu_typo_line_height":0,"ocean_menu_typo_line_height_tablet":0,"ocean_menu_typo_line_height_mobile":0,"ocean_menu_typo_line_height_unit":"","ocean_menu_typo_spacing":0,"ocean_menu_typo_spacing_tablet":0,"ocean_menu_typo_spacing_mobile":0,"ocean_menu_typo_spacing_unit":"","ocean_menu_link_color":"","ocean_menu_link_color_hover":"","ocean_menu_link_color_active":"","ocean_menu_link_background":"","ocean_menu_link_hover_background":"","ocean_menu_link_active_background":"","ocean_menu_social_links_bg":"","ocean_menu_social_hover_links_bg":"","ocean_menu_social_links_color":"","ocean_menu_social_hover_links_color":"","ocean_disable_title":"default","ocean_disable_heading":"default","ocean_post_title":"","ocean_post_subheading":"","ocean_post_title_style":"","ocean_post_title_background_color":"","ocean_post_title_background":0,"ocean_post_title_bg_image_position":"","ocean_post_title_bg_image_attachment":"","ocean_post_title_bg_image_repeat":"","ocean_post_title_bg_image_size":"","ocean_post_title_height":0,"ocean_post_title_bg_overlay":0.5,"ocean_post_title_bg_overlay_color":"","ocean_disable_breadcrumbs":"default","ocean_breadcrumbs_color":"","ocean_breadcrumbs_separator_color":"","ocean_breadcrumbs_links_color":"","ocean_breadcrumbs_links_hover_color":"","ocean_display_footer_widgets":"default","ocean_display_footer_bottom":"default","ocean_custom_footer_template":"","_mc_calendar":[],"footnotes":""},"class_list":["post-2","page","type-page","status-publish","hentry","entry"],"_links":{"self":[{"href":"http:\/\/www.judo-jujitsu-cspse.fr\/index.php?rest_route=\/wp\/v2\/pages\/2"}],"collection":[{"href":"http:\/\/www.judo-jujitsu-cspse.fr\/index.php?rest_route=\/wp\/v2\/pages"}],"about":[{"href":"http:\/\/www.judo-jujitsu-cspse.fr\/index.php?rest_route=\/wp\/v2\/types\/page"}],"author":[{"embeddable":true,"href":"http:\/\/www.judo-jujitsu-cspse.fr\/index.php?rest_route=\/wp\/v2\/users\/1"}],"replies":[{"embeddable":true,"href":"http:\/\/www.judo-jujitsu-cspse.fr\/index.php?rest_route=%2Fwp%2Fv2%2Fcomments&post=2"}],"version-history":[{"count":10,"href":"http:\/\/www.judo-jujitsu-cspse.fr\/index.php?rest_route=\/wp\/v2\/pages\/2\/revisions"}],"predecessor-version":[{"id":499,"href":"http:\/\/www.judo-jujitsu-cspse.fr\/index.php?rest_route=\/wp\/v2\/pages\/2\/revisions\/499"}],"wp:attachment":[{"href":"http:\/\/www.judo-jujitsu-cspse.fr\/index.php?rest_route=%2Fwp%2Fv2%2Fmedia&parent=2"}],"curies":[{"name":"wp","href":"https:\/\/api.w.org\/{rel}","templated":true}]}}