{"id":26,"date":"2012-02-26T20:08:44","date_gmt":"2012-02-26T20:08:44","guid":{"rendered":"http:\/\/www.judo-jujitsu-cspse.fr\/?page_id=26"},"modified":"2019-09-08T20:25:21","modified_gmt":"2019-09-08T20:25:21","slug":"horaires","status":"publish","type":"page","link":"http:\/\/www.judo-jujitsu-cspse.fr\/?page_id=26","title":{"rendered":"Horaires"},"content":{"rendered":"<div>\n<table style=\"width: 560px;\" border=\"0\" cellspacing=\"1\" cellpadding=\"0\">\n<tbody>\n<tr style=\"text-align: center;\" valign=\"middle\">\n<td class=\"judo\" style=\"text-align: center;\" colspan=\"3\" height=\"50\">J U D O<\/td>\n<\/tr>\n<tr style=\"text-align: center;\">\n<td class=\"judobordure\" style=\"width: 168px;\">&nbsp;<\/td>\n<td class=\"tableauhaut\" width=\"148\">Enfants<\/td>\n<td class=\"tableauhaut\" width=\"148\">Adultes<\/td>\n<\/tr>\n<tr style=\"text-align: center;\">\n<td class=\"judobordure\">Lundi<\/td>\n<td class=\"tableaumilieu\">17h30 \u00e0 18h30<\/td>\n<td class=\"tableaumilieu\">&nbsp;<\/td>\n<\/tr>\n<tr style=\"text-align: center;\">\n<td class=\"judobordure\">Mardi<\/td>\n<td class=\"tableaumilieu\">17h30 \u00e0 18h30<\/td>\n<td class=\"tableaumilieu\">18h50&nbsp;\u00e0 20h30<\/td>\n<\/tr>\n<tr style=\"text-align: center;\">\n<td class=\"judobordure\">Mercredi<\/td>\n<td class=\"tableaumilieu\">15h30 \u00e0 17h30&nbsp;<br \/>\npar tranche d&rsquo;\u00e2ges&nbsp;<\/td>\n<td class=\"tableaumilieu\">&nbsp;<\/td>\n<\/tr>\n<tr style=\"text-align: center;\">\n<td class=\"judobordure\">Jeudi<\/td>\n<td class=\"tableaumilieu\">&nbsp;<\/td>\n<td class=\"tableaumilieu\">18h50 \u00e0 20h30<\/td>\n<\/tr>\n<\/tbody>\n<\/table>\n<\/div>\n<div>\n<table border=\"0\" width=\"560\" cellspacing=\"1\" cellpadding=\"0\">\n<tbody style=\"text-align: left;\">\n<tr style=\"text-align: left;\">\n<td class=\"judo\" style=\"text-align: center;\" colspan=\"3\" valign=\"middle\" height=\"50\">J U J I T S U<\/td>\n<\/tr>\n<tr style=\"text-align: left;\">\n<td class=\"judobordure\" style=\"text-align: center;\" width=\"168\">&nbsp;<\/td>\n<td class=\"tableauhaut\" style=\"text-align: center;\" width=\"148\">Enfants &amp; Adolescents<\/td>\n<td class=\"tableauhaut\" style=\"text-align: center;\" width=\"148\">Adultes<\/td>\n<\/tr>\n<tr style=\"text-align: left;\">\n<td class=\"judobordure\" style=\"text-align: center;\" valign=\"middle\">Lundi<\/td>\n<td class=\"tableaumilieu\" style=\"text-align: center;\">&nbsp;<\/td>\n<td class=\"tableaumilieu\" style=\"text-align: center;\" valign=\"middle\">18h50 \u00e0 20h30<\/td>\n<\/tr>\n<tr style=\"text-align: left;\">\n<td class=\"judobordure\" style=\"text-align: center;\" valign=\"middle\">Mardi<\/td>\n<td class=\"tableaumilieu\" style=\"text-align: center;\">&nbsp;<\/td>\n<td class=\"tableaumilieu\" style=\"text-align: center;\">&nbsp;<\/td>\n<\/tr>\n<tr style=\"text-align: left;\">\n<td class=\"judobordure\" style=\"text-align: center;\">Mercredi<\/td>\n<td class=\"tableaumilieu\" style=\"text-align: center;\">17h30 \u00e0 18h30<\/td>\n<td class=\"tableaumilieu\" style=\"text-align: center;\">18h50 &nbsp;\u00e0 20h30<\/td>\n<\/tr>\n<tr style=\"text-align: left;\">\n<td class=\"judobordure\" style=\"text-align: center;\">Jeudi<\/td>\n<td class=\"tableaumilieu\" style=\"text-align: center;\">17h30 \u00e0 18h30<\/td>\n<td class=\"tableaumilieu\" style=\"text-align: center;\">&nbsp;<\/td>\n<\/tr>\n<\/tbody>\n<\/table>\n<div>&nbsp;<\/div>\n<\/div>\n","protected":false},"excerpt":{"rendered":"<p>J U D O &nbsp; Enfants Adultes Lundi 17h30 \u00e0 18h30 &nbsp; Mardi 17h30 \u00e0 18h30 18h50&nbsp;\u00e0 20h30 Mercredi 15h30 \u00e0 17h30&nbsp; par tranche d&rsquo;\u00e2ges&nbsp; &nbsp; Jeudi &nbsp; 18h50 \u00e0 20h30 J U J I T S U &nbsp; Enfants &amp; Adolescents Adultes Lundi &nbsp; 18h50 \u00e0 20h30 Mardi &nbsp; &nbsp; Mercredi 17h30 \u00e0 18h30 [&hellip;]<\/p>\n","protected":false},"author":1,"featured_media":0,"parent":24,"menu_order":0,"comment_status":"closed","ping_status":"closed","template":"","meta":{"ngg_post_thumbnail":0,"ocean_post_layout":"","ocean_both_sidebars_style":"","ocean_both_sidebars_content_width":0,"ocean_both_sidebars_sidebars_width":0,"ocean_sidebar":"","ocean_second_sidebar":"","ocean_disable_margins":"enable","ocean_add_body_class":"","ocean_shortcode_before_top_bar":"","ocean_shortcode_after_top_bar":"","ocean_shortcode_before_header":"","ocean_shortcode_after_header":"","ocean_has_shortcode":"","ocean_shortcode_after_title":"","ocean_shortcode_before_footer_widgets":"","ocean_shortcode_after_footer_widgets":"","ocean_shortcode_before_footer_bottom":"","ocean_shortcode_after_footer_bottom":"","ocean_display_top_bar":"default","ocean_display_header":"default","ocean_header_style":"","ocean_center_header_left_menu":"","ocean_custom_header_template":"","ocean_custom_logo":0,"ocean_custom_retina_logo":0,"ocean_custom_logo_max_width":0,"ocean_custom_logo_tablet_max_width":0,"ocean_custom_logo_mobile_max_width":0,"ocean_custom_logo_max_height":0,"ocean_custom_logo_tablet_max_height":0,"ocean_custom_logo_mobile_max_height":0,"ocean_header_custom_menu":"","ocean_menu_typo_font_family":"","ocean_menu_typo_font_subset":"","ocean_menu_typo_font_size":0,"ocean_menu_typo_font_size_tablet":0,"ocean_menu_typo_font_size_mobile":0,"ocean_menu_typo_font_size_unit":"px","ocean_menu_typo_font_weight":"","ocean_menu_typo_font_weight_tablet":"","ocean_menu_typo_font_weight_mobile":"","ocean_menu_typo_transform":"","ocean_menu_typo_transform_tablet":"","ocean_menu_typo_transform_mobile":"","ocean_menu_typo_line_height":0,"ocean_menu_typo_line_height_tablet":0,"ocean_menu_typo_line_height_mobile":0,"ocean_menu_typo_line_height_unit":"","ocean_menu_typo_spacing":0,"ocean_menu_typo_spacing_tablet":0,"ocean_menu_typo_spacing_mobile":0,"ocean_menu_typo_spacing_unit":"","ocean_menu_link_color":"","ocean_menu_link_color_hover":"","ocean_menu_link_color_active":"","ocean_menu_link_background":"","ocean_menu_link_hover_background":"","ocean_menu_link_active_background":"","ocean_menu_social_links_bg":"","ocean_menu_social_hover_links_bg":"","ocean_menu_social_links_color":"","ocean_menu_social_hover_links_color":"","ocean_disable_title":"default","ocean_disable_heading":"default","ocean_post_title":"","ocean_post_subheading":"","ocean_post_title_style":"","ocean_post_title_background_color":"","ocean_post_title_background":0,"ocean_post_title_bg_image_position":"","ocean_post_title_bg_image_attachment":"","ocean_post_title_bg_image_repeat":"","ocean_post_title_bg_image_size":"","ocean_post_title_height":0,"ocean_post_title_bg_overlay":0.5,"ocean_post_title_bg_overlay_color":"","ocean_disable_breadcrumbs":"default","ocean_breadcrumbs_color":"","ocean_breadcrumbs_separator_color":"","ocean_breadcrumbs_links_color":"","ocean_breadcrumbs_links_hover_color":"","ocean_display_footer_widgets":"default","ocean_display_footer_bottom":"default","ocean_custom_footer_template":"","_mc_calendar":[],"footnotes":""},"class_list":["post-26","page","type-page","status-publish","hentry","entry"],"_links":{"self":[{"href":"http:\/\/www.judo-jujitsu-cspse.fr\/index.php?rest_route=\/wp\/v2\/pages\/26"}],"collection":[{"href":"http:\/\/www.judo-jujitsu-cspse.fr\/index.php?rest_route=\/wp\/v2\/pages"}],"about":[{"href":"http:\/\/www.judo-jujitsu-cspse.fr\/index.php?rest_route=\/wp\/v2\/types\/page"}],"author":[{"embeddable":true,"href":"http:\/\/www.judo-jujitsu-cspse.fr\/index.php?rest_route=\/wp\/v2\/users\/1"}],"replies":[{"embeddable":true,"href":"http:\/\/www.judo-jujitsu-cspse.fr\/index.php?rest_route=%2Fwp%2Fv2%2Fcomments&post=26"}],"version-history":[{"count":7,"href":"http:\/\/www.judo-jujitsu-cspse.fr\/index.php?rest_route=\/wp\/v2\/pages\/26\/revisions"}],"predecessor-version":[{"id":1142,"href":"http:\/\/www.judo-jujitsu-cspse.fr\/index.php?rest_route=\/wp\/v2\/pages\/26\/revisions\/1142"}],"up":[{"embeddable":true,"href":"http:\/\/www.judo-jujitsu-cspse.fr\/index.php?rest_route=\/wp\/v2\/pages\/24"}],"wp:attachment":[{"href":"http:\/\/www.judo-jujitsu-cspse.fr\/index.php?rest_route=%2Fwp%2Fv2%2Fmedia&parent=26"}],"curies":[{"name":"wp","href":"https:\/\/api.w.org\/{rel}","templated":true}]}}