{"id":18,"date":"2012-02-26T20:07:07","date_gmt":"2012-02-26T20:07:07","guid":{"rendered":"http:\/\/www.judo-jujitsu-cspse.fr\/?page_id=18"},"modified":"2012-02-28T07:52:55","modified_gmt":"2012-02-28T07:52:55","slug":"le-jujitsu","status":"publish","type":"page","link":"https:\/\/www.judo-jujitsu-cspse.fr\/?page_id=18","title":{"rendered":"Le Jujitsu"},"content":{"rendered":"<h4><strong>La tradition martiale<\/strong><\/h4>\n<p style=\"text-align: justify;\"><a href=\"http:\/\/www.judo-jujitsu-cspse.fr\/wp-content\/uploads\/2012\/02\/samourai.jpg\"><img loading=\"lazy\" decoding=\"async\" class=\"alignleft size-full wp-image-405\" title=\"samourai\" src=\"http:\/\/www.judo-jujitsu-cspse.fr\/wp-content\/uploads\/2012\/02\/samourai.jpg\" alt=\"\" width=\"81\" height=\"109\" \/><\/a>Anc\u00eatre des disciplines modernes, telles le <a title=\"Le Judo\" href=\"http:\/\/www.judo-jujitsu-cspse.fr\/?page_id=20\">judo<\/a> et l&rsquo;a\u00efkido, le jujitsu, \u00ab <strong>art de la souplesse <\/strong>\u00bb a \u00e9t\u00e9 d\u00e9velopp\u00e9 par les samoura\u00efs comme syst\u00e8me de combat \u00e0 mains nues.<\/p>\n<p style=\"text-align: justify;\" align=\"justify\">Le jujitsu est ainsi l&rsquo;h\u00e9ritier du <strong>bushido<\/strong>, code moral chevaleresque strict, et de techniques de combat \u00e0 mains nues \u00e9prouv\u00e9es.<\/p>\n<p style=\"text-align: justify;\" align=\"justify\">Au Japon, un grand nombre d&rsquo;\u00e9coles d&rsquo;arts martiaux ont \u00e9labor\u00e9 une multitude de styles de jujitsu. La FFJDA a d\u00e9velopp\u00e9 un syst\u00e8me d&rsquo;apprentissage et une nomenclature propres.<\/p>\n<h4 style=\"text-align: justify;\" align=\"justify\"><strong>Une m\u00e9thode de d\u00e9fense<\/strong><a href=\"http:\/\/www.judo-jujitsu-cspse.fr\/wp-content\/uploads\/2012\/02\/DSCF1950.jpg\"><img loading=\"lazy\" decoding=\"async\" class=\"alignright size-full wp-image-432\" title=\"DSCF1950\" src=\"http:\/\/www.judo-jujitsu-cspse.fr\/wp-content\/uploads\/2012\/02\/DSCF1950.jpg\" alt=\"\" width=\"150\" height=\"200\" \/><\/a><\/h4>\n<p style=\"text-align: justify;\"><strong>Art martial efficace<\/strong>, le jujitsu synth\u00e9tise l&rsquo;ensemble des techniques de coups, de projections et de contr\u00f4le par immobilisation, \u00e9tranglement ou cl\u00e9 sur toutes les articulations.<\/p>\n<p style=\"text-align: justify;\" align=\"justify\">Il permet de ma\u00eetriser <strong>tous les aspects du combat rapproch\u00e9<\/strong>, principalement \u00e0 mains nues, mais aussi contre ou avec arme.<\/p>\n<h4 style=\"text-align: justify;\" align=\"justify\"><strong>La naissance d&rsquo;un jujitsu sportif<\/strong><\/h4>\n<p style=\"text-align: justify;\" align=\"justify\"><a href=\"http:\/\/www.judo-jujitsu-cspse.fr\/wp-content\/uploads\/2012\/02\/anna.jpg\"><img loading=\"lazy\" decoding=\"async\" class=\"alignleft  wp-image-410\" title=\"anna\" src=\"http:\/\/www.judo-jujitsu-cspse.fr\/wp-content\/uploads\/2012\/02\/anna.jpg\" alt=\"\" width=\"193\" height=\"171\" \/><\/a>Il existe des championnats de <strong>combat <\/strong>(fighting system) o\u00f9 les points sont d\u00e9compt\u00e9s sur les 3 phases (atemis, projection, contr\u00f4le au sol) et de <strong>d\u00e9monstration technique<\/strong> (duo system).<br \/>\nUn nouveau type de comp\u00e9titions sans at\u00e9mis privil\u00e9gie le <strong>travail au sol<\/strong>. Le combat se termine id\u00e9alement par abandon de l&rsquo;adversaire.<\/p>\n<p style=\"text-align: justify;\">L&rsquo;aspect sportif a aussi sa pertinence du point de vue de la self d\u00e9fense puisqu&rsquo;il permet de travailler avec puissance et vitesse mais en toute s\u00e9curit\u00e9.<\/p>\n<p style=\"text-align: justify;\">\n<p style=\"text-align: justify;\">\n<p style=\"text-align: justify;\"><em>Source : <a href=\"http:\/\/lejujitsu.net\/\" target=\"_blank\">le jujitsu.net<\/a> (ouvre le lien dans une nouvelle fen\u00eatre)<\/em><\/p>\n","protected":false},"excerpt":{"rendered":"<p>La tradition martiale Anc\u00eatre des disciplines modernes, telles le judo et l&rsquo;a\u00efkido, le jujitsu, \u00ab art de la souplesse \u00bb a \u00e9t\u00e9 d\u00e9velopp\u00e9 par les samoura\u00efs comme syst\u00e8me de combat \u00e0 mains nues. Le jujitsu est ainsi l&rsquo;h\u00e9ritier du bushido, code moral chevaleresque strict, et de techniques de combat \u00e0 mains nues \u00e9prouv\u00e9es. Au Japon, [&hellip;]<\/p>\n","protected":false},"author":1,"featured_media":0,"parent":16,"menu_order":0,"comment_status":"closed","ping_status":"closed","template":"","meta":{"ngg_post_thumbnail":0,"ocean_post_layout":"","ocean_both_sidebars_style":"","ocean_both_sidebars_content_width":0,"ocean_both_sidebars_sidebars_width":0,"ocean_sidebar":"","ocean_second_sidebar":"","ocean_disable_margins":"enable","ocean_add_body_class":"","ocean_shortcode_before_top_bar":"","ocean_shortcode_after_top_bar":"","ocean_shortcode_before_header":"","ocean_shortcode_after_header":"","ocean_has_shortcode":"","ocean_shortcode_after_title":"","ocean_shortcode_before_footer_widgets":"","ocean_shortcode_after_footer_widgets":"","ocean_shortcode_before_footer_bottom":"","ocean_shortcode_after_footer_bottom":"","ocean_display_top_bar":"default","ocean_display_header":"default","ocean_header_style":"","ocean_center_header_left_menu":"","ocean_custom_header_template":"","ocean_custom_logo":0,"ocean_custom_retina_logo":0,"ocean_custom_logo_max_width":0,"ocean_custom_logo_tablet_max_width":0,"ocean_custom_logo_mobile_max_width":0,"ocean_custom_logo_max_height":0,"ocean_custom_logo_tablet_max_height":0,"ocean_custom_logo_mobile_max_height":0,"ocean_header_custom_menu":"","ocean_menu_typo_font_family":"","ocean_menu_typo_font_subset":"","ocean_menu_typo_font_size":0,"ocean_menu_typo_font_size_tablet":0,"ocean_menu_typo_font_size_mobile":0,"ocean_menu_typo_font_size_unit":"px","ocean_menu_typo_font_weight":"","ocean_menu_typo_font_weight_tablet":"","ocean_menu_typo_font_weight_mobile":"","ocean_menu_typo_transform":"","ocean_menu_typo_transform_tablet":"","ocean_menu_typo_transform_mobile":"","ocean_menu_typo_line_height":0,"ocean_menu_typo_line_height_tablet":0,"ocean_menu_typo_line_height_mobile":0,"ocean_menu_typo_line_height_unit":"","ocean_menu_typo_spacing":0,"ocean_menu_typo_spacing_tablet":0,"ocean_menu_typo_spacing_mobile":0,"ocean_menu_typo_spacing_unit":"","ocean_menu_link_color":"","ocean_menu_link_color_hover":"","ocean_menu_link_color_active":"","ocean_menu_link_background":"","ocean_menu_link_hover_background":"","ocean_menu_link_active_background":"","ocean_menu_social_links_bg":"","ocean_menu_social_hover_links_bg":"","ocean_menu_social_links_color":"","ocean_menu_social_hover_links_color":"","ocean_disable_title":"default","ocean_disable_heading":"default","ocean_post_title":"","ocean_post_subheading":"","ocean_post_title_style":"","ocean_post_title_background_color":"","ocean_post_title_background":0,"ocean_post_title_bg_image_position":"","ocean_post_title_bg_image_attachment":"","ocean_post_title_bg_image_repeat":"","ocean_post_title_bg_image_size":"","ocean_post_title_height":0,"ocean_post_title_bg_overlay":0.5,"ocean_post_title_bg_overlay_color":"","ocean_disable_breadcrumbs":"default","ocean_breadcrumbs_color":"","ocean_breadcrumbs_separator_color":"","ocean_breadcrumbs_links_color":"","ocean_breadcrumbs_links_hover_color":"","ocean_display_footer_widgets":"default","ocean_display_footer_bottom":"default","ocean_custom_footer_template":"","_mc_calendar":[],"footnotes":""},"class_list":["post-18","page","type-page","status-publish","hentry","entry"],"_links":{"self":[{"href":"https:\/\/www.judo-jujitsu-cspse.fr\/index.php?rest_route=\/wp\/v2\/pages\/18"}],"collection":[{"href":"https:\/\/www.judo-jujitsu-cspse.fr\/index.php?rest_route=\/wp\/v2\/pages"}],"about":[{"href":"https:\/\/www.judo-jujitsu-cspse.fr\/index.php?rest_route=\/wp\/v2\/types\/page"}],"author":[{"embeddable":true,"href":"https:\/\/www.judo-jujitsu-cspse.fr\/index.php?rest_route=\/wp\/v2\/users\/1"}],"replies":[{"embeddable":true,"href":"https:\/\/www.judo-jujitsu-cspse.fr\/index.php?rest_route=%2Fwp%2Fv2%2Fcomments&post=18"}],"version-history":[{"count":19,"href":"https:\/\/www.judo-jujitsu-cspse.fr\/index.php?rest_route=\/wp\/v2\/pages\/18\/revisions"}],"predecessor-version":[{"id":470,"href":"https:\/\/www.judo-jujitsu-cspse.fr\/index.php?rest_route=\/wp\/v2\/pages\/18\/revisions\/470"}],"up":[{"embeddable":true,"href":"https:\/\/www.judo-jujitsu-cspse.fr\/index.php?rest_route=\/wp\/v2\/pages\/16"}],"wp:attachment":[{"href":"https:\/\/www.judo-jujitsu-cspse.fr\/index.php?rest_route=%2Fwp%2Fv2%2Fmedia&parent=18"}],"curies":[{"name":"wp","href":"https:\/\/api.w.org\/{rel}","templated":true}]}}